{"id":452,"date":"2025-10-07T10:17:08","date_gmt":"2025-10-07T08:17:08","guid":{"rendered":"https:\/\/www.pizzeria-zeffirio.fr\/accueil\/"},"modified":"2026-01-07T13:31:32","modified_gmt":"2026-01-07T12:31:32","slug":"accueil","status":"publish","type":"page","link":"https:\/\/www.pizzeria-zeffirio.fr\/de\/","title":{"rendered":"Accueil"},"content":{"rendered":"\n<div class=\"wp-block-group alignfull is-style-section-5 has-global-padding is-layout-constrained wp-container-core-group-is-layout-86395416 wp-block-group-is-layout-constrained is-style-section-5--1\" style=\"margin-top:0;margin-bottom:0;padding-top:var(--wp--preset--spacing--30);padding-right:0;padding-bottom:var(--wp--preset--spacing--50);padding-left:0\">\n<div class=\"wp-block-columns alignwide is-style-default is-layout-flex wp-container-core-columns-is-layout-0111f410 wp-block-columns-is-layout-flex\" style=\"padding-right:var(--wp--preset--spacing--50);padding-left:var(--wp--preset--spacing--50)\">\n<div class=\"wp-block-column is-vertically-aligned-center is-layout-flow wp-block-column-is-layout-flow\">\n<h1 class=\"wp-block-heading has-base-color has-text-color has-link-color has-large-font-size wp-elements-a1335040a86b520c7d916213bf6c2317\">Zeffirio, Pizzeria Calabrese<\/h1>\n\n\n\n<h2 class=\"wp-block-heading has-accent-2-color has-text-color has-link-color has-xx-large-font-size wp-elements-fd7add58a907f56d6eef8cbb845795e1\">Feinschmecker seit Anbeginn der Zeit.<\/h2>\n\n\n\n<p>Erbin der Aromen Kalabriens \u2013 einer Region an der Schnittstelle griechischer und italienischer Kultur \u2013 feiert unsere K\u00fcche authentisches Handwerk, Gro\u00dfz\u00fcgigkeit und vollen Geschmack. Bei Zeffirio wird jede Pizza mit Liebe hausgemacht: langsam gereifter Teig, frische und hochwertige Zutaten und ein perfekter Backvorgang in unserem Moretti-Ofen.<\/p>\n\n\n\n<div class=\"wp-block-buttons btn-mob is-layout-flex wp-block-buttons-is-layout-flex\">\n<div class=\"wp-block-button is-style-fill\"><a class=\"wp-block-button__link has-accent-2-background-color has-background wp-element-button\" href=\"https:\/\/www.pizzeria-zeffirio.fr\/de\/menu\/\" style=\"padding-top:var(--wp--preset--spacing--20);padding-right:var(--wp--preset--spacing--30);padding-bottom:var(--wp--preset--spacing--20);padding-left:var(--wp--preset--spacing--30)\">menu<\/a><\/div>\n\n\n\n<div class=\"wp-block-button is-style-fill only-mob\"><a class=\"wp-block-button__link has-accent-1-background-color has-background wp-element-button\" href=\"tel:0984085164\" style=\"padding-top:var(--wp--preset--spacing--20);padding-right:var(--wp--preset--spacing--30);padding-bottom:var(--wp--preset--spacing--20);padding-left:var(--wp--preset--spacing--30)\">\n<svg xmlns=\"http:\/\/www.w3.org\/2000\/svg\" viewBox=\"0 0 24 24\" fill=\"currentColor\" width=\"18\" height=\"20\" style=\"vertical-align:middle;top:-1px;position:relative;\"><path d=\"M6.62 10.79a15.05 15.05 0 006.59 6.59l2.2-2.2a1 1 0 011.01-.24 11.72 11.72 0 003.68.59 1 1 0 011 1V20a1 1 0 01-1 1A17 17 0 013 4a1 1 0 011-1h3.5a1 1 0 011 1 11.72 11.72 0 00.59 3.68 1 1 0 01-.24 1.01l-2.23 2.1z\"><\/path><\/svg>\nCommander<\/a><\/div>\n\n\n\n<div class=\"wp-block-button is-style-fill only-desk\"><a class=\"wp-block-button__link has-accent-1-background-color has-background wp-element-button\" href=\"tel:0984085164\" style=\"padding-top:var(--wp--preset--spacing--20);padding-right:var(--wp--preset--spacing--30);padding-bottom:var(--wp--preset--spacing--20);padding-left:var(--wp--preset--spacing--30)\"><svg xmlns=\"http:\/\/www.w3.org\/2000\/svg\" viewBox=\"0 0 24 24\" fill=\"currentColor\" width=\"20\" height=\"22\" style=\"vertical-align:middle;margin-bottom:1px;\"><path d=\"M6.62 10.79a15.05 15.05 0 006.59 6.59l2.2-2.2a1 1 0 011.01-.24 11.72 11.72 0 003.68.59 1 1 0 011 1V20a1 1 0 01-1 1A17 17 0 013 4a1 1 0 011-1h3.5a1 1 0 011 1 11.72 11.72 0 00.59 3.68 1 1 0 01-.24 1.01l-2.23 2.1z\"><\/path><\/svg> 09 84 08 51 64<\/a><\/div>\n<\/div>\n<\/div>\n\n\n\n<div class=\"wp-block-column is-layout-flow wp-block-column-is-layout-flow\">\n<figure class=\"wp-block-image size-large\"><img alt=\"\" loading=\"lazy\" decoding=\"async\" width=\"1024\" height=\"1024\" src=\"https:\/\/www.pizzeria-zeffirio.fr\/wp-content\/uploads\/2025\/10\/zeffirio-1024x1024.jpg\" alt=\"\" class=\"wp-image-177\" srcset=\"https:\/\/www.pizzeria-zeffirio.fr\/wp-content\/uploads\/2025\/10\/zeffirio-1024x1024.jpg 1024w, https:\/\/www.pizzeria-zeffirio.fr\/wp-content\/uploads\/2025\/10\/zeffirio-300x300.jpg 300w, https:\/\/www.pizzeria-zeffirio.fr\/wp-content\/uploads\/2025\/10\/zeffirio-150x150.jpg 150w, https:\/\/www.pizzeria-zeffirio.fr\/wp-content\/uploads\/2025\/10\/zeffirio-768x768.jpg 768w, https:\/\/www.pizzeria-zeffirio.fr\/wp-content\/uploads\/2025\/10\/zeffirio.jpg 1080w\" sizes=\"auto, (max-width: 1024px) 100vw, 1024px\" \/><\/figure>\n<\/div>\n<\/div>\n<\/div>\n","protected":false},"excerpt":{"rendered":"<p>Zeffirio, Pizzeria Calabrese Feinschmecker seit Anbeginn der Zeit. Erbin der Aromen Kalabriens \u2013 einer Region an der Schnittstelle griechischer und italienischer Kultur \u2013 feiert unsere K\u00fcche authentisches Handwerk, Gro\u00dfz\u00fcgigkeit und vollen Geschmack. Bei Zeffirio wird jede Pizza mit Liebe hausgemacht: langsam gereifter Teig, frische und hochwertige Zutaten und ein perfekter Backvorgang in unserem Moretti-Ofen.<\/p>\n","protected":false},"author":1,"featured_media":0,"parent":0,"menu_order":0,"comment_status":"closed","ping_status":"closed","template":"page-no-title","meta":{"_seopress_robots_primary_cat":"","_seopress_titles_title":"Zeffirio\uff5cPizzeria in Thann, nur f\u00fcr echte Feinschmecker","_seopress_titles_desc":"Kalabrische Pizzen aus langsam gereiftem Teig, hochwertigen Zutaten, gebacken im Moretti-Ofen und mit viel Liebe zubereitet!","_seopress_robots_index":"","footnotes":""},"class_list":["post-452","page","type-page","status-publish","hentry"],"_links":{"self":[{"href":"https:\/\/www.pizzeria-zeffirio.fr\/de\/wp-json\/wp\/v2\/pages\/452","targetHints":{"allow":["GET"]}}],"collection":[{"href":"https:\/\/www.pizzeria-zeffirio.fr\/de\/wp-json\/wp\/v2\/pages"}],"about":[{"href":"https:\/\/www.pizzeria-zeffirio.fr\/de\/wp-json\/wp\/v2\/types\/page"}],"author":[{"embeddable":true,"href":"https:\/\/www.pizzeria-zeffirio.fr\/de\/wp-json\/wp\/v2\/users\/1"}],"replies":[{"embeddable":true,"href":"https:\/\/www.pizzeria-zeffirio.fr\/de\/wp-json\/wp\/v2\/comments?post=452"}],"version-history":[{"count":8,"href":"https:\/\/www.pizzeria-zeffirio.fr\/de\/wp-json\/wp\/v2\/pages\/452\/revisions"}],"predecessor-version":[{"id":701,"href":"https:\/\/www.pizzeria-zeffirio.fr\/de\/wp-json\/wp\/v2\/pages\/452\/revisions\/701"}],"wp:attachment":[{"href":"https:\/\/www.pizzeria-zeffirio.fr\/de\/wp-json\/wp\/v2\/media?parent=452"}],"curies":[{"name":"wp","href":"https:\/\/api.w.org\/{rel}","templated":true}]}}