{"id":402,"date":"2025-10-07T17:51:17","date_gmt":"2025-10-07T15:51:17","guid":{"rendered":"https:\/\/www.pizzeria-zeffirio.fr\/mentions-legales\/"},"modified":"2025-10-20T18:30:28","modified_gmt":"2025-10-20T16:30:28","slug":"mentions-legales","status":"publish","type":"page","link":"https:\/\/www.pizzeria-zeffirio.fr\/de\/mentions-legales\/","title":{"rendered":"Mentions l\u00e9gales"},"content":{"rendered":"\n<div class=\"wp-block-group alignfull has-global-padding is-layout-constrained wp-block-group-is-layout-constrained\" style=\"margin-top:0;margin-bottom:0;padding-top:var(--wp--preset--spacing--50);padding-bottom:var(--wp--preset--spacing--50)\">\n<div class=\"wp-block-columns alignwide is-style-default is-layout-flex wp-container-core-columns-is-layout-fa584acd wp-block-columns-is-layout-flex\">\n<div class=\"wp-block-column is-vertically-aligned-center is-layout-flow wp-block-column-is-layout-flow\">\n<p class=\"has-large-font-size\" style=\"text-transform:uppercase\"><strong>1. \u00e9diteur<\/strong><\/p>\n\n\n\n<p class=\"has-medium-font-size\">Entreprise : SAS MARINELLA<br>Si\u00e8ge social : 11 rue Saint-Thi\u00e9baut, 68800 Thann<br>SIRET : 843 029 646 00026<br>TVA intracommunautaire : FR93 843 029 646<br>Email : ciao@pizzeria-zeffirio.fr<br>Responsable de la publication : Matthieu Bohn<\/p>\n\n\n\n<p class=\"has-large-font-size\" style=\"text-transform:uppercase\"><strong>2. H\u00e9bergement<\/strong><\/p>\n\n\n\n<p>IONOS SARL<br>7, place de la Gare \u2013 BP 70109<br>57201 Sarreguemines Cedex<br>T\u00e9l. : 09 70 80 89 11<br>Site web : <a href=\"http:\/\/www.ionos.fr\" target=\"_blank\" rel=\"noreferrer noopener nofollow\">www.ionos.fr<\/a><\/p>\n\n\n\n<p class=\"has-large-font-size\" style=\"text-transform:uppercase\"><strong>3. Propri\u00e9t\u00e9 intellectuelle<\/strong><\/p>\n\n\n\n<p>L\u2019ensemble du contenu pr\u00e9sent sur le site (textes, images, graphismes, logo, ic\u00f4nes, sons, logiciels, etc.) est la propri\u00e9t\u00e9 exclusive de Zeffirio, sauf mention contraire.<\/p>\n\n\n\n<p>Toute reproduction, distribution, modification, adaptation, retransmission ou publication, m\u00eame partielle, de ces \u00e9l\u00e9ments est strictement interdite sans l\u2019accord \u00e9crit pr\u00e9alable de Zeffirio.<\/p>\n<\/div>\n\n\n\n<div class=\"wp-block-column is-vertically-aligned-center is-layout-flow wp-block-column-is-layout-flow\">\n<p class=\"has-large-font-size\" style=\"text-transform:uppercase\"><strong>4. Donn\u00e9es personnelles <\/strong><\/p>\n\n\n\n<p>Conform\u00e9ment au R\u00e8glement G\u00e9n\u00e9ral sur la Protection des Donn\u00e9es (RGPD) et \u00e0 la loi \u201cInformatique et Libert\u00e9s\u201d, les donn\u00e9es personnelles collect\u00e9es via ce site sont destin\u00e9es uniquement \u00e0 Zeffirio et ne seront jamais transmises \u00e0 des tiers sans consentement.<\/p>\n\n\n\n<p>Vous disposez d\u2019un droit d\u2019acc\u00e8s, de rectification, d\u2019opposition et de suppression de vos donn\u00e9es personnelles.<\/p>\n\n\n\n<p>Les informations recueillies par e-mail sont utilis\u00e9es uniquement pour r\u00e9pondre \u00e0 vos demandes.<\/p>\n\n\n\n<p class=\"has-large-font-size\" style=\"text-transform:uppercase\"><strong>5. Cookies<\/strong><\/p>\n\n\n\n<p>Le site utilise des cookies strictement n\u00e9cessaires. Le consentement n&#8217;est donc pas obligatoire, conform\u00e9ment au RGPD.<\/p>\n\n\n\n<p class=\"has-large-font-size\" style=\"text-transform:uppercase\"><strong>6. Responsabilit\u00e9<\/strong><\/p>\n\n\n\n<p>Zeffirio s\u2019efforce d\u2019assurer au mieux l\u2019exactitude et la mise \u00e0 jour des informations diffus\u00e9es sur le site, mais ne saurait \u00eatre tenu responsable d\u2019erreurs ou d\u2019omissions.<\/p>\n\n\n\n<p>Le site peut contenir des liens vers d\u2019autres sites externes. Zeffirio d\u00e9cline toute responsabilit\u00e9 quant au contenu ou au fonctionnement de ces sites.<\/p>\n\n\n\n<p class=\"has-large-font-size\" style=\"text-transform:uppercase\"><strong>7. Droit applicable<\/strong><\/p>\n\n\n\n<p>Les pr\u00e9sentes mentions l\u00e9gales sont r\u00e9gies par le droit fran\u00e7ais. En cas de litige, les tribunaux comp\u00e9tents seront ceux du ressort du si\u00e8ge social de Zeffirio, sauf disposition l\u00e9gale contraire.<\/p>\n<\/div>\n<\/div>\n<\/div>\n","protected":false},"excerpt":{"rendered":"<p>1. \u00e9diteur Entreprise : SAS MARINELLASi\u00e8ge social : 11 rue Saint-Thi\u00e9baut, 68800 ThannSIRET : 843 029 646 00026TVA intracommunautaire : FR93 843 029 646Email : ciao@pizzeria-zeffirio.frResponsable de la publication : Matthieu Bohn 2. H\u00e9bergement IONOS SARL7, place de la Gare \u2013 BP 7010957201 Sarreguemines CedexT\u00e9l. : 09 70 80 89 11Site web : www.ionos.fr 3. [&hellip;]<\/p>\n","protected":false},"author":1,"featured_media":0,"parent":0,"menu_order":0,"comment_status":"closed","ping_status":"closed","template":"","meta":{"_seopress_robots_primary_cat":"","_seopress_titles_title":"","_seopress_titles_desc":"","_seopress_robots_index":"","footnotes":""},"class_list":["post-402","page","type-page","status-publish","hentry"],"_links":{"self":[{"href":"https:\/\/www.pizzeria-zeffirio.fr\/de\/wp-json\/wp\/v2\/pages\/402","targetHints":{"allow":["GET"]}}],"collection":[{"href":"https:\/\/www.pizzeria-zeffirio.fr\/de\/wp-json\/wp\/v2\/pages"}],"about":[{"href":"https:\/\/www.pizzeria-zeffirio.fr\/de\/wp-json\/wp\/v2\/types\/page"}],"author":[{"embeddable":true,"href":"https:\/\/www.pizzeria-zeffirio.fr\/de\/wp-json\/wp\/v2\/users\/1"}],"replies":[{"embeddable":true,"href":"https:\/\/www.pizzeria-zeffirio.fr\/de\/wp-json\/wp\/v2\/comments?post=402"}],"version-history":[{"count":1,"href":"https:\/\/www.pizzeria-zeffirio.fr\/de\/wp-json\/wp\/v2\/pages\/402\/revisions"}],"predecessor-version":[{"id":634,"href":"https:\/\/www.pizzeria-zeffirio.fr\/de\/wp-json\/wp\/v2\/pages\/402\/revisions\/634"}],"wp:attachment":[{"href":"https:\/\/www.pizzeria-zeffirio.fr\/de\/wp-json\/wp\/v2\/media?parent=402"}],"curies":[{"name":"wp","href":"https:\/\/api.w.org\/{rel}","templated":true}]}}